{"id":589,"date":"2018-10-12T17:20:43","date_gmt":"2018-10-12T15:20:43","guid":{"rendered":"https:\/\/www.moco-shredder.de\/?page_id=589"},"modified":"2018-11-05T10:59:12","modified_gmt":"2018-11-05T09:59:12","slug":"ausliefervarianten","status":"publish","type":"page","link":"https:\/\/www.moco-shredder.de\/de\/referenzen\/ausliefervarianten\/","title":{"rendered":"Ausliefervarianten"},"content":{"rendered":"\n<style type=\"text\/css\" data-created_by=\"avia_inline_auto\" id=\"style-css-av-jipv3uw9-296fc804e4f6b670ce67b7e89d600d14\">\n.avia-section.av-jipv3uw9-296fc804e4f6b670ce67b7e89d600d14{\nbackground-repeat:no-repeat;\nbackground-image:url(https:\/\/www.moco-shredder.de\/wp-content\/uploads\/moco-shredder-header-referenzen-ausliefervarianten-1.jpg);\nbackground-position:50% 0%;\nbackground-attachment:scroll;\n}\n<\/style>\n<div id='banner'  class='avia-section av-jipv3uw9-296fc804e4f6b670ce67b7e89d600d14 main_color avia-section-default avia-no-border-styling  avia-builder-el-0  el_before_av_one_full  avia-builder-el-first  avia-full-stretch avia-bg-style-scroll av-minimum-height av-minimum-height-50 av-height-50  container_wrap fullsize'  data-section-bg-repeat='stretch' data-av_minimum_height_pc='50' data-av_min_height_opt='50'><div class='container av-section-cont-open' ><main  role=\"main\" itemprop=\"mainContentOfPage\"  class='template-page content  av-content-full alpha units'><div class='post-entry post-entry-type-page post-entry-589'><div class='entry-content-wrapper clearfix'>\n<section  class='av_textblock_section av-jnuebl45-25c8b4f6dbd9116d2fbd412f1f17ba48 '   itemscope=\"itemscope\" itemtype=\"https:\/\/schema.org\/CreativeWork\" ><div class='avia_textblock'  itemprop=\"text\" ><p>\u00a9 MOCO Shredder<\/p>\n<\/div><\/section>\n<\/div><\/div><\/main><!-- close content main element --><\/div><\/div><div id='after_section_1'  class='main_color av_default_container_wrap container_wrap fullsize'  ><div class='container av-section-cont-open' ><div class='template-page content  av-content-full alpha units'><div class='post-entry post-entry-type-page post-entry-589'><div class='entry-content-wrapper clearfix'>\n\n<style type=\"text\/css\" data-created_by=\"avia_inline_auto\" id=\"style-css-av-6vz0-d0af93686938f6c8150f52530ae2d571\">\n.flex_column.av-6vz0-d0af93686938f6c8150f52530ae2d571{\nborder-radius:0px 0px 0px 0px;\npadding:0px 0px 0px 0px;\n}\n<\/style>\n<div  class='flex_column av-6vz0-d0af93686938f6c8150f52530ae2d571 av_one_full  avia-builder-el-2  el_after_av_section  el_before_av_one_half  avia-builder-el-first  first flex_column_div av-zero-column-padding  '     ><style type=\"text\/css\" data-created_by=\"avia_inline_auto\" id=\"style-css-av-jn65ts00-d84fb08a5f0d139feeee5cfff782ff06\">\n#top .av-special-heading.av-jn65ts00-d84fb08a5f0d139feeee5cfff782ff06{\nmargin:0px 0px 0px 0px;\npadding-bottom:0;\n}\nbody .av-special-heading.av-jn65ts00-d84fb08a5f0d139feeee5cfff782ff06 .av-special-heading-tag .heading-char{\nfont-size:25px;\n}\n.av-special-heading.av-jn65ts00-d84fb08a5f0d139feeee5cfff782ff06 .av-subheading{\nfont-size:20px;\n}\n<\/style>\n<div  class='av-special-heading av-jn65ts00-d84fb08a5f0d139feeee5cfff782ff06 av-special-heading-h1 blockquote modern-quote  avia-builder-el-3  avia-builder-el-no-sibling '><h1 class='av-special-heading-tag '  itemprop=\"headline\"  >Vielseitigkeit f\u00fcr den nachgelagerten Prozess<\/h1><div class='av-subheading av-subheading_below'><p>Beispiele Ausliefervarianten von MOCO.<\/p>\n<\/div><div class=\"special-heading-border\"><div class=\"special-heading-inner-border\"><\/div><\/div><\/div><\/div>\n\n<style type=\"text\/css\" data-created_by=\"avia_inline_auto\" id=\"style-css-av-f4q0t-c181319d0016b520151a9418308e45bf\">\n.flex_column.av-f4q0t-c181319d0016b520151a9418308e45bf{\nborder-radius:0px 0px 0px 0px;\npadding:0px 0px 0px 0px;\n}\n<\/style>\n<div  class='flex_column av-f4q0t-c181319d0016b520151a9418308e45bf av_one_half  avia-builder-el-4  el_after_av_one_full  el_before_av_one_half  first av-break-at-tablet flex_column_div av-zero-column-padding  column-top-margin'     ><section  class='av_textblock_section av-jn66862q-34cbd9d30de38b782435e54009c660a4 '   itemscope=\"itemscope\" itemtype=\"https:\/\/schema.org\/CreativeWork\" ><div class='avia_textblock'  itemprop=\"text\" ><h3>Unterschiedliche Abf\u00e4lle<\/h3>\n<\/div><\/section><br \/>\n\n<style type=\"text\/css\" data-created_by=\"avia_inline_auto\" id=\"style-css-av-jn65xyng-dd41737963a6841a5423213a6a76c414\">\n.avia-image-container.av-jn65xyng-dd41737963a6841a5423213a6a76c414 img.avia_image{\nbox-shadow:none;\n}\n.avia-image-container.av-jn65xyng-dd41737963a6841a5423213a6a76c414 .av-image-caption-overlay-center{\ncolor:#ffffff;\n}\n<\/style>\n<div  class='avia-image-container av-jn65xyng-dd41737963a6841a5423213a6a76c414 av-styling- avia-align-center  avia-builder-el-6  el_after_av_textblock  el_before_av_hr  av-has-copyright av-copyright-always'   itemprop=\"image\" itemscope=\"itemscope\" itemtype=\"https:\/\/schema.org\/ImageObject\" ><div class=\"avia-image-container-inner\"><div class=\"avia-image-overlay-wrap\"><img decoding=\"async\" fetchpriority=\"high\" class='wp-image-593 avia-img-lazy-loading-not-593 avia_image ' src=\"https:\/\/www.moco-shredder.de\/wp-content\/uploads\/moco-shredder-referenzen-ausliefer-verschiedene-produkte.jpg\" alt='' title='moco-shredder-referenzen-ausliefer-verschiedene-produkte'  height=\"750\" width=\"1000\"  itemprop=\"thumbnailUrl\" srcset=\"https:\/\/www.moco-shredder.de\/wp-content\/uploads\/moco-shredder-referenzen-ausliefer-verschiedene-produkte.jpg 1000w, https:\/\/www.moco-shredder.de\/wp-content\/uploads\/moco-shredder-referenzen-ausliefer-verschiedene-produkte-300x225.jpg 300w, https:\/\/www.moco-shredder.de\/wp-content\/uploads\/moco-shredder-referenzen-ausliefer-verschiedene-produkte-768x576.jpg 768w, https:\/\/www.moco-shredder.de\/wp-content\/uploads\/moco-shredder-referenzen-ausliefer-verschiedene-produkte-705x529.jpg 705w, https:\/\/www.moco-shredder.de\/wp-content\/uploads\/moco-shredder-referenzen-ausliefer-verschiedene-produkte-450x338.jpg 450w\" sizes=\"(max-width: 1000px) 100vw, 1000px\" \/><\/div><small class=\"avia-copyright\">\u00a9 MOCO Shredder<\/small><\/div><\/div><br \/>\n\n<style type=\"text\/css\" data-created_by=\"avia_inline_auto\" id=\"style-css-av-845fh-978efe83e08bd3f0a538b8a9245c01a6\">\n#top .hr.hr-invisible.av-845fh-978efe83e08bd3f0a538b8a9245c01a6{\nheight:20px;\n}\n<\/style>\n<div  class='hr av-845fh-978efe83e08bd3f0a538b8a9245c01a6 hr-invisible  avia-builder-el-7  el_after_av_image  el_before_av_textblock '><span class='hr-inner '><span class=\"hr-inner-style\"><\/span><\/span><\/div><br \/>\n<section  class='av_textblock_section av-jn662ijw-a9b1ae5ba87903d0825a8bdb6324962a '   itemscope=\"itemscope\" itemtype=\"https:\/\/schema.org\/CreativeWork\" ><div class='avia_textblock'  itemprop=\"text\" ><ul>\n<li><a href=\"https:\/\/www.moco-shredder.de\/produkte\/2-wellen-maschinen\/#moco-az-7f-bis-4-m--h\">MOCO AZ 7F<\/a><\/li>\n<li>Einf\u00fclltrichter mit handgef\u00fchrter Eindr\u00fcckvorrichtung<\/li>\n<li>Maschinengestell f\u00fcr 3 Abfallstationen<\/li>\n<li>Zerkleinerer fahrbar<\/li>\n<\/ul>\n<\/div><\/section><\/p><\/div>\n\n<style type=\"text\/css\" data-created_by=\"avia_inline_auto\" id=\"style-css-av-f4q0t-9d61221c2f41d9b741ee8e1b4d9888be\">\n.flex_column.av-f4q0t-9d61221c2f41d9b741ee8e1b4d9888be{\nborder-radius:0px 0px 0px 0px;\npadding:0px 0px 0px 0px;\n}\n<\/style>\n<div  class='flex_column av-f4q0t-9d61221c2f41d9b741ee8e1b4d9888be av_one_half  avia-builder-el-9  el_after_av_one_half  el_before_av_one_half  av-break-at-tablet flex_column_div av-zero-column-padding  column-top-margin'     ><section  class='av_textblock_section av-jn66862q-34cbd9d30de38b782435e54009c660a4 '   itemscope=\"itemscope\" itemtype=\"https:\/\/schema.org\/CreativeWork\" ><div class='avia_textblock'  itemprop=\"text\" ><h3>Banknoten und Sicherheitsdokumente<\/h3>\n<\/div><\/section><br \/>\n\n<style type=\"text\/css\" data-created_by=\"avia_inline_auto\" id=\"style-css-av-jn65xyng-4868e048a222d9adf9f5ef2ae7c2c667\">\n.avia-image-container.av-jn65xyng-4868e048a222d9adf9f5ef2ae7c2c667 img.avia_image{\nbox-shadow:none;\n}\n.avia-image-container.av-jn65xyng-4868e048a222d9adf9f5ef2ae7c2c667 .av-image-caption-overlay-center{\ncolor:#ffffff;\n}\n<\/style>\n<div  class='avia-image-container av-jn65xyng-4868e048a222d9adf9f5ef2ae7c2c667 av-styling- avia-align-left  avia-builder-el-11  el_after_av_textblock  el_before_av_hr  av-has-copyright av-copyright-always'   itemprop=\"image\" itemscope=\"itemscope\" itemtype=\"https:\/\/schema.org\/ImageObject\" ><div class=\"avia-image-container-inner\"><div class=\"avia-image-overlay-wrap\"><img decoding=\"async\" fetchpriority=\"high\" class='wp-image-718 avia-img-lazy-loading-not-718 avia_image ' src=\"https:\/\/www.moco-shredder.de\/wp-content\/uploads\/moco-shredder-referenzen-ausliefer-banknoten-unscharf.jpg\" alt='' title='moco-shredder-referenzen-ausliefer-banknoten-unscharf'  height=\"450\" width=\"319\"  itemprop=\"thumbnailUrl\" srcset=\"https:\/\/www.moco-shredder.de\/wp-content\/uploads\/moco-shredder-referenzen-ausliefer-banknoten-unscharf.jpg 319w, https:\/\/www.moco-shredder.de\/wp-content\/uploads\/moco-shredder-referenzen-ausliefer-banknoten-unscharf-213x300.jpg 213w\" sizes=\"(max-width: 319px) 100vw, 319px\" \/><\/div><small class=\"avia-copyright\">\u00a9 MOCO Shredder<\/small><\/div><\/div><br \/>\n\n<style type=\"text\/css\" data-created_by=\"avia_inline_auto\" id=\"style-css-av-845fh-978efe83e08bd3f0a538b8a9245c01a6\">\n#top .hr.hr-invisible.av-845fh-978efe83e08bd3f0a538b8a9245c01a6{\nheight:20px;\n}\n<\/style>\n<div  class='hr av-845fh-978efe83e08bd3f0a538b8a9245c01a6 hr-invisible  avia-builder-el-12  el_after_av_image  el_before_av_textblock '><span class='hr-inner '><span class=\"hr-inner-style\"><\/span><\/span><\/div><br \/>\n<section  class='av_textblock_section av-jn662ijw-a9b1ae5ba87903d0825a8bdb6324962a '   itemscope=\"itemscope\" itemtype=\"https:\/\/schema.org\/CreativeWork\" ><div class='avia_textblock'  itemprop=\"text\" ><ul>\n<li>MOCO AZ 06<\/li>\n<li>Einstufige Anlage mit Absaugung<\/li>\n<li>Zerkleinerung\u00a010 x\u00a010 mm<\/li>\n<li>Durchsatzleistung ca. 80 kg\/h<\/li>\n<\/ul>\n<\/div><\/section><\/p><\/div>\n\n<style type=\"text\/css\" data-created_by=\"avia_inline_auto\" id=\"style-css-av-sldjx-29a5e97aca4235c919389abc6793b01d\">\n.flex_column.av-sldjx-29a5e97aca4235c919389abc6793b01d{\nborder-radius:0px 0px 0px 0px;\npadding:0px 0px 0px 0px;\n}\n<\/style>\n<div  class='flex_column av-sldjx-29a5e97aca4235c919389abc6793b01d av_one_half  avia-builder-el-14  el_after_av_one_half  el_before_av_one_half  first av-break-at-tablet flex_column_div av-zero-column-padding  column-top-margin'     ><section  class='av_textblock_section av-jn66862q-34cbd9d30de38b782435e54009c660a4 '   itemscope=\"itemscope\" itemtype=\"https:\/\/schema.org\/CreativeWork\" ><div class='avia_textblock'  itemprop=\"text\" ><h3>Dokumente mit hohen Datenschutzanforderungen<\/h3>\n<\/div><\/section><br \/>\n\n<style type=\"text\/css\" data-created_by=\"avia_inline_auto\" id=\"style-css-av-jn65xyng-83a1e466c55ae562a6709c8d92332f4f\">\n.avia-image-container.av-jn65xyng-83a1e466c55ae562a6709c8d92332f4f img.avia_image{\nbox-shadow:none;\n}\n.avia-image-container.av-jn65xyng-83a1e466c55ae562a6709c8d92332f4f .av-image-caption-overlay-center{\ncolor:#ffffff;\n}\n<\/style>\n<div  class='avia-image-container av-jn65xyng-83a1e466c55ae562a6709c8d92332f4f av-styling- avia-align-left  avia-builder-el-16  el_after_av_textblock  el_before_av_hr  av-has-copyright av-copyright-always'   itemprop=\"image\" itemscope=\"itemscope\" itemtype=\"https:\/\/schema.org\/ImageObject\" ><div class=\"avia-image-container-inner\"><div class=\"avia-image-overlay-wrap\"><img decoding=\"async\" fetchpriority=\"high\" class='wp-image-720 avia-img-lazy-loading-not-720 avia_image ' src=\"https:\/\/www.moco-shredder.de\/wp-content\/uploads\/moco-shredder-referenzen-ausliefer-dokumente-unscharf.jpg\" alt='' title='moco-shredder-referenzen-ausliefer-dokumente-unscharf'  height=\"450\" width=\"600\"  itemprop=\"thumbnailUrl\" srcset=\"https:\/\/www.moco-shredder.de\/wp-content\/uploads\/moco-shredder-referenzen-ausliefer-dokumente-unscharf.jpg 600w, https:\/\/www.moco-shredder.de\/wp-content\/uploads\/moco-shredder-referenzen-ausliefer-dokumente-unscharf-300x225.jpg 300w, https:\/\/www.moco-shredder.de\/wp-content\/uploads\/moco-shredder-referenzen-ausliefer-dokumente-unscharf-450x338.jpg 450w\" sizes=\"(max-width: 600px) 100vw, 600px\" \/><\/div><small class=\"avia-copyright\">\u00a9 MOCO Shredder<\/small><\/div><\/div><br \/>\n\n<style type=\"text\/css\" data-created_by=\"avia_inline_auto\" id=\"style-css-av-845fh-978efe83e08bd3f0a538b8a9245c01a6\">\n#top .hr.hr-invisible.av-845fh-978efe83e08bd3f0a538b8a9245c01a6{\nheight:20px;\n}\n<\/style>\n<div  class='hr av-845fh-978efe83e08bd3f0a538b8a9245c01a6 hr-invisible  avia-builder-el-17  el_after_av_image  el_before_av_textblock '><span class='hr-inner '><span class=\"hr-inner-style\"><\/span><\/span><\/div><br \/>\n<section  class='av_textblock_section av-jn65zw3o-2af61f599f3cefed26f3b43fbd700fe1 '   itemscope=\"itemscope\" itemtype=\"https:\/\/schema.org\/CreativeWork\" ><div class='avia_textblock'  itemprop=\"text\" ><ul>\n<li><a href=\"https:\/\/www.moco-shredder.de\/produkte\/4-wellen-maschinen\/#moco-az-13-bis-6-m--h\">MOCO AZ 13<\/a>-Vorzerkleinerung<\/li>\n<li><a href=\"https:\/\/www.moco-shredder.de\/produkte\/nachzerkleinerung\/#moco-zg-1101\">MOCO ZG 1101<\/a>-Nachzerkleinerung<\/li>\n<li>Einf\u00fclltrichter<\/li>\n<li>Zwischentrichter<\/li>\n<li>Zuf\u00fchreinrichtung MOCO ZB 4<\/li>\n<li>Durchsatzleistung 350 kg\/h<\/li>\n<\/ul>\n<\/div><\/section><\/p><\/div>\n\n<style type=\"text\/css\" data-created_by=\"avia_inline_auto\" id=\"style-css-av-f4q0t-9d61221c2f41d9b741ee8e1b4d9888be\">\n.flex_column.av-f4q0t-9d61221c2f41d9b741ee8e1b4d9888be{\nborder-radius:0px 0px 0px 0px;\npadding:0px 0px 0px 0px;\n}\n<\/style>\n<div  class='flex_column av-f4q0t-9d61221c2f41d9b741ee8e1b4d9888be av_one_half  avia-builder-el-19  el_after_av_one_half  el_before_av_hr  av-break-at-tablet flex_column_div av-zero-column-padding  column-top-margin'     ><section  class='av_textblock_section av-jn66862q-34cbd9d30de38b782435e54009c660a4 '   itemscope=\"itemscope\" itemtype=\"https:\/\/schema.org\/CreativeWork\" ><div class='avia_textblock'  itemprop=\"text\" ><h3>Graphitbl\u00f6cke<\/h3>\n<\/div><\/section><br \/>\n\n<style type=\"text\/css\" data-created_by=\"avia_inline_auto\" id=\"style-css-av-jn65xyng-b652ec128127e6bffe61b5401ac3cb2f\">\n.avia-image-container.av-jn65xyng-b652ec128127e6bffe61b5401ac3cb2f img.avia_image{\nbox-shadow:none;\n}\n.avia-image-container.av-jn65xyng-b652ec128127e6bffe61b5401ac3cb2f .av-image-caption-overlay-center{\ncolor:#ffffff;\n}\n<\/style>\n<div  class='avia-image-container av-jn65xyng-b652ec128127e6bffe61b5401ac3cb2f av-styling- avia-align-left  avia-builder-el-21  el_after_av_textblock  el_before_av_hr  av-has-copyright av-copyright-always'   itemprop=\"image\" itemscope=\"itemscope\" itemtype=\"https:\/\/schema.org\/ImageObject\" ><div class=\"avia-image-container-inner\"><div class=\"avia-image-overlay-wrap\"><img decoding=\"async\" fetchpriority=\"high\" class='wp-image-723 avia-img-lazy-loading-not-723 avia_image ' src=\"https:\/\/www.moco-shredder.de\/wp-content\/uploads\/moco-shredder-referenzen-ausliefer-graphitbloecke-klein.jpg\" alt='' title='moco-shredder-referenzen-ausliefer-graphitbloecke-klein'  height=\"450\" width=\"293\"  itemprop=\"thumbnailUrl\" srcset=\"https:\/\/www.moco-shredder.de\/wp-content\/uploads\/moco-shredder-referenzen-ausliefer-graphitbloecke-klein.jpg 293w, https:\/\/www.moco-shredder.de\/wp-content\/uploads\/moco-shredder-referenzen-ausliefer-graphitbloecke-klein-195x300.jpg 195w\" sizes=\"(max-width: 293px) 100vw, 293px\" \/><\/div><small class=\"avia-copyright\">\u00a9 MOCO Shredder<\/small><\/div><\/div><br \/>\n\n<style type=\"text\/css\" data-created_by=\"avia_inline_auto\" id=\"style-css-av-845fh-978efe83e08bd3f0a538b8a9245c01a6\">\n#top .hr.hr-invisible.av-845fh-978efe83e08bd3f0a538b8a9245c01a6{\nheight:20px;\n}\n<\/style>\n<div  class='hr av-845fh-978efe83e08bd3f0a538b8a9245c01a6 hr-invisible  avia-builder-el-22  el_after_av_image  el_before_av_textblock '><span class='hr-inner '><span class=\"hr-inner-style\"><\/span><\/span><\/div><br \/>\n<section  class='av_textblock_section av-jn662ijw-a9b1ae5ba87903d0825a8bdb6324962a '   itemscope=\"itemscope\" itemtype=\"https:\/\/schema.org\/CreativeWork\" ><div class='avia_textblock'  itemprop=\"text\" ><ul>\n<li><a href=\"https:\/\/www.moco-shredder.de\/produkte\/2-wellen-maschinen\/#moco-az-14e-bis-15-m--h\">MOCO AZ 14<\/a>-Vorzerkleinerer<\/li>\n<li><a href=\"https:\/\/www.moco-shredder.de\/produkte\/2-wellen-maschinen\/#moco-az-11-bis-6-m--h\">MOCO AZ 11<\/a>-Nachzerkleinerung<\/li>\n<li>Pneumatische Eindr\u00fcckvorrichtung<\/li>\n<li>Maschinengestell h\u00e4ngend gelagert<\/li>\n<li>Fass-Bef\u00fcllvorrichtung\u00a0in<br \/>\nMaschinengestell\u00a0integriert<\/li>\n<\/ul>\n<\/div><\/section><\/p><\/div>\n<div  class='hr av-93or1-a39c0cf213d1af2ff84ea0a4408c911e hr-default  avia-builder-el-24  el_after_av_one_half  el_before_av_one_full '><span class='hr-inner '><span class=\"hr-inner-style\"><\/span><\/span><\/div>\n\n<style type=\"text\/css\" data-created_by=\"avia_inline_auto\" id=\"style-css-av-42si-0fb0055327ea8a0bc4b1b5b7e5ed93b7\">\n.flex_column.av-42si-0fb0055327ea8a0bc4b1b5b7e5ed93b7{\nborder-radius:0px 0px 0px 0px;\npadding:0px 0px 0px 0px;\n}\n<\/style>\n<div  class='flex_column av-42si-0fb0055327ea8a0bc4b1b5b7e5ed93b7 av_one_full  avia-builder-el-25  el_after_av_hr  avia-builder-el-last  first flex_column_div av-zero-column-padding  '     ><style type=\"text\/css\" data-created_by=\"avia_inline_auto\" id=\"style-css-av-jipo0xif-7bf52626d00ad434955fac3c335f7e4c\">\n.av_promobox.av-jipo0xif-7bf52626d00ad434955fac3c335f7e4c{\nbackground:#ffffff;\nborder-color:#e84c04;\n}\n<\/style>\n<div  class='av_promobox av-jipo0xif-7bf52626d00ad434955fac3c335f7e4c avia-button-yes  avia-builder-el-26  avia-builder-el-no-sibling '><div class='avia-promocontent'><\/p>\n<h3>Jetzt individuell beraten lassen<\/h3>\n<p>Rufen Sie uns an oder besuchen Sie uns in Viernheim. Wir beraten Sie gerne zu den M\u00f6glichkeiten unserer Zerkleinerungstechnik.<br \/>\nServicetelefon: 06204 9685-0<\/p>\n<\/div><div  class='avia-button-wrap av-jipo0xif-3adaaffc6a7058d58ee0b76682633a8a-wrap avia-button-right '>\n<style type=\"text\/css\" data-created_by=\"avia_inline_auto\" id=\"style-css-av-jipo0xif-3adaaffc6a7058d58ee0b76682633a8a\">\n#top #wrap_all .avia-button.av-jipo0xif-3adaaffc6a7058d58ee0b76682633a8a{\nbackground-color:#072457;\nborder-color:#072457;\ncolor:#ffffff;\ntransition:all 0.4s ease-in-out;\n}\n#top #wrap_all .avia-button.av-jipo0xif-3adaaffc6a7058d58ee0b76682633a8a .avia-svg-icon svg:first-child{\nfill:#ffffff;\nstroke:#ffffff;\n}\n<\/style>\n<a href='https:\/\/www.moco-shredder.de\/de\/kontakt\/'  class='avia-button av-jipo0xif-3adaaffc6a7058d58ee0b76682633a8a av-link-btn avia-icon_select-yes-left-icon avia-size-large avia-position-right'   aria-label=\"Kontakt aufnehmen\"><span class='avia_button_icon avia_button_icon_left avia-iconfont avia-font-entypo-fontello' data-av_icon='\ue83c' data-av_iconfont='entypo-fontello' ><\/span><span class='avia_iconbox_title' >Kontakt aufnehmen<\/span><\/a><\/div><\/div><\/div>\n","protected":false},"excerpt":{"rendered":"","protected":false},"author":1,"featured_media":0,"parent":409,"menu_order":2,"comment_status":"closed","ping_status":"closed","template":"","meta":{"footnotes":""},"class_list":["post-589","page","type-page","status-publish","hentry"],"_links":{"self":[{"href":"https:\/\/www.moco-shredder.de\/de\/wp-json\/wp\/v2\/pages\/589","targetHints":{"allow":["GET"]}}],"collection":[{"href":"https:\/\/www.moco-shredder.de\/de\/wp-json\/wp\/v2\/pages"}],"about":[{"href":"https:\/\/www.moco-shredder.de\/de\/wp-json\/wp\/v2\/types\/page"}],"author":[{"embeddable":true,"href":"https:\/\/www.moco-shredder.de\/de\/wp-json\/wp\/v2\/users\/1"}],"replies":[{"embeddable":true,"href":"https:\/\/www.moco-shredder.de\/de\/wp-json\/wp\/v2\/comments?post=589"}],"version-history":[{"count":1,"href":"https:\/\/www.moco-shredder.de\/de\/wp-json\/wp\/v2\/pages\/589\/revisions"}],"predecessor-version":[{"id":1775,"href":"https:\/\/www.moco-shredder.de\/de\/wp-json\/wp\/v2\/pages\/589\/revisions\/1775"}],"up":[{"embeddable":true,"href":"https:\/\/www.moco-shredder.de\/de\/wp-json\/wp\/v2\/pages\/409"}],"wp:attachment":[{"href":"https:\/\/www.moco-shredder.de\/de\/wp-json\/wp\/v2\/media?parent=589"}],"curies":[{"name":"wp","href":"https:\/\/api.w.org\/{rel}","templated":true}]}}