{"id":278,"date":"2018-10-09T08:56:09","date_gmt":"2018-10-09T06:56:09","guid":{"rendered":"https:\/\/www.moco-shredder.de\/?page_id=278"},"modified":"2025-10-23T11:29:07","modified_gmt":"2025-10-23T09:29:07","slug":"impressum","status":"publish","type":"page","link":"https:\/\/www.moco-shredder.de\/de\/impressum\/","title":{"rendered":"Impressum"},"content":{"rendered":"<h1>Impressum<\/h1>\n<h3><strong>Angaben gem\u00e4\u00df \u00a7 5 DDG (Digitale-Dienste-Gesetz)<\/strong><\/h3>\n<p>MOCO Maschinen- und Apparatebau GmbH &amp; Co. KG<br \/>\nGro\u00dfer Stellweg 19<br \/>\n68519 Viernheim<\/p>\n<h3>Sitz der Gesellschaft<\/h3>\n<p>Gro\u00dfer Stellweg 19<br \/>\n68519 Viernheim<\/p>\n<h3>Kontakt:<\/h3>\n<p>Telefon: +49 6204 9685-0<br \/>\nTelefax: +49 6204 9685-55<\/p>\n<h3>Vertreten durch:<\/h3>\n<p>Karl G\u00f6rtz, Lucas Schw\u00f6bel<\/p>\n<h3>Registereintrag:<\/h3>\n<p>Registergericht: Amtsgericht Darmstadt, Registerabteilung Lampertheim<br \/>\nRegisternummer: HRA 61766<\/p>\n<h3>Umsatzsteuer oder Steuernummer:<\/h3>\n<p>Umsatzsteuer-Identifikationsnummer gem\u00e4\u00df \u00a727 a Umsatzsteuergesetz:<br \/>\nDE192003412<\/p>\n<h3>Hinweis nach \u00a7 36 Verbraucherstreitbeilegungsgesetz (VSBG):<\/h3>\n<p>Zust\u00e4ndig ist die Universalschlichtungsstelle des Bundes, erreichbar unter:\u00a0<a class=\"decorated-link\" href=\"https:\/\/www.universalschlichtungsstelle.de\/\" target=\"_new\" rel=\"noopener\" data-start=\"212\" data-end=\"302\">https:\/\/www.universalschlichtungsstelle.de<\/a>.<br \/>\nUnsere E-Mail-Adresse finden Sie in der Kopfzeile der Website.<\/p>\n<p>Wir, MOCO Maschinen- und Apparatebau GmbH &amp; Co. KG, werden nicht in einem Streitbeilegungsverfahren vor einer Verbraucherschlichtungsstelle im Sinne des VSBG teilnehmen und sind dazu auch nicht verpflichtet.<\/p>\n<h3>Innungen:<\/h3>\n<p>IHK Darmstadt<br \/>\nRheinstr. 89<br \/>\n64295 Darmstadt<\/p>\n<h3>Quellenangaben f\u00fcr die verwendeten Bilder und Grafiken:<\/h3>\n<p>Startseite \u2013 Bereich Umwelt \u00a9 shutterstock.com by Rawpixel.com<br \/>\nProdukte \u2013 Bereich Umwelt \u00a9 shutterstock.com by Rawpixel.com<\/p>\n<p>Alle weiteren Bilder \u00a9 MOCO Shredder.<\/p>\n","protected":false},"excerpt":{"rendered":"<p>Impressum Angaben gem\u00e4\u00df \u00a7 5 DDG (Digitale-Dienste-Gesetz) MOCO Maschinen- und Apparatebau GmbH &amp; Co. KG Gro\u00dfer Stellweg 19 68519 Viernheim Sitz der Gesellschaft Gro\u00dfer Stellweg 19 68519 Viernheim Kontakt: Telefon: +49 6204 9685-0 Telefax: +49 6204 9685-55 Vertreten durch: Karl G\u00f6rtz, Lucas Schw\u00f6bel Registereintrag: Registergericht: Amtsgericht Darmstadt, Registerabteilung Lampertheim Registernummer: HRA 61766 Umsatzsteuer oder Steuernummer: [&hellip;]<\/p>\n","protected":false},"author":1,"featured_media":0,"parent":0,"menu_order":7,"comment_status":"closed","ping_status":"closed","template":"","meta":{"footnotes":""},"class_list":["post-278","page","type-page","status-publish","hentry"],"_links":{"self":[{"href":"https:\/\/www.moco-shredder.de\/de\/wp-json\/wp\/v2\/pages\/278","targetHints":{"allow":["GET"]}}],"collection":[{"href":"https:\/\/www.moco-shredder.de\/de\/wp-json\/wp\/v2\/pages"}],"about":[{"href":"https:\/\/www.moco-shredder.de\/de\/wp-json\/wp\/v2\/types\/page"}],"author":[{"embeddable":true,"href":"https:\/\/www.moco-shredder.de\/de\/wp-json\/wp\/v2\/users\/1"}],"replies":[{"embeddable":true,"href":"https:\/\/www.moco-shredder.de\/de\/wp-json\/wp\/v2\/comments?post=278"}],"version-history":[{"count":6,"href":"https:\/\/www.moco-shredder.de\/de\/wp-json\/wp\/v2\/pages\/278\/revisions"}],"predecessor-version":[{"id":1911,"href":"https:\/\/www.moco-shredder.de\/de\/wp-json\/wp\/v2\/pages\/278\/revisions\/1911"}],"wp:attachment":[{"href":"https:\/\/www.moco-shredder.de\/de\/wp-json\/wp\/v2\/media?parent=278"}],"curies":[{"name":"wp","href":"https:\/\/api.w.org\/{rel}","templated":true}]}}